{"id":5082,"date":"2020-05-14T17:24:43","date_gmt":"2020-05-14T15:24:43","guid":{"rendered":"http:\/\/fundacioassut.org\/?page_id=5082"},"modified":"2021-02-01T20:22:47","modified_gmt":"2021-02-01T18:22:47","slug":"colabora","status":"publish","type":"page","link":"https:\/\/fundacioassut.org\/?page_id=5082&lang=cas","title":{"rendered":"Colabora con nosotros"},"content":{"rendered":"<p>[et_pb_section fb_built=\u00bb1&#8243; _builder_version=\u00bb4.4.6&#8243;][et_pb_row column_structure=\u00bb1_2,1_2&#8243; _builder_version=\u00bb4.4.6&#8243;][et_pb_column type=\u00bb1_2&#8243; _builder_version=\u00bb4.4.6&#8243;][et_pb_image src=\u00bbhttps:\/\/fundacioassut.org\/wp-content\/uploads\/2021\/02\/huerta-valenciana.jpg\u00bb title_text=\u00bbhuerta-valenciana\u00bb _builder_version=\u00bb4.8.2&#8243; hover_enabled=\u00bb0&#8243; sticky_enabled=\u00bb0&#8243;][\/et_pb_image][\/et_pb_column][et_pb_column type=\u00bb1_2&#8243; _builder_version=\u00bb4.4.6&#8243;][et_pb_text _builder_version=\u00bb4.4.6&#8243;]<\/p>\n<h2>Por el territorio donde vivimos.<br \/> Por el medio que nos da la vida.<\/h2>\n<p>[\/et_pb_text][et_pb_text _builder_version=\u00bb4.4.6&#8243;]<\/p>\n<p><span style=\"font-weight: 400;\">Con tu ayuda, colaboras en el estudio, la divulgaci\u00f3n y la conservaci\u00f3n del territorio donde vivimos, el paisaje que compartimos, el medio que nos da vida y nos permite vivir.<\/span><\/p>\n<p>[\/et_pb_text][et_pb_text _builder_version=\u00bb4.4.6&#8243;]<\/p>\n<p><span style=\"font-weight: 400;\">Desde principios de 2011, en la Fundaci\u00f3 Assut ponemos a disposici\u00f3n de la sociedad valenciana herramientas para la custodia de nuestros paisajes y nuestro patrimonio natural y cultural. Prestamos atenci\u00f3n especial al conocimiento y la conservaci\u00f3n de los entornos litorales, los humedales como l\u2019Albufera y los sistemas de regad\u00edo tradicionales como l&#8217;Horta de Val\u00e8ncia y la Ribera del J\u00facar.<\/span><\/p>\n<p>[\/et_pb_text][\/et_pb_column][\/et_pb_row][et_pb_row column_structure=\u00bb1_2,1_2&#8243; _builder_version=\u00bb4.4.6&#8243;][et_pb_column type=\u00bb1_2&#8243; _builder_version=\u00bb4.4.6&#8243;][et_pb_text _builder_version=\u00bb4.4.6&#8243;]<\/p>\n<h2>Ay\u00fadanos<\/h2>\n<p>[\/et_pb_text][et_pb_text _builder_version=\u00bb4.4.6&#8243;]<\/p>\n<p><span style=\"font-weight: 400;\">Las actividades de la Fundaci\u00f3 Assut se financian con ayudas, subvenciones y donaciones p\u00fablicas y privadas. Tambi\u00e9n obtenemos recursos de la realizaci\u00f3n de actividades mercantiles, de los ingresos percibidos por la prestaci\u00f3n de servicios y del rendimiento del patrimonio.<\/span><\/p>\n<p>[\/et_pb_text][et_pb_text _builder_version=\u00bb4.4.6&#8243;]<\/p>\n<p><span style=\"font-weight: 400;\">Buscamos tu compromiso. Y te ofrecemos colaborar con nosotros. Queremos que nos ayudes a divulgar los valores de estos espacios y mejorar su conocimiento y conservaci\u00f3n. El apoyo de personas como t\u00fa es imprescindible, porque nos permite continuar trabajando en:<\/span><\/p>\n<p>[\/et_pb_text][\/et_pb_column][et_pb_column type=\u00bb1_2&#8243; _builder_version=\u00bb4.4.6&#8243;][et_pb_text _builder_version=\u00bb4.4.6&#8243; custom_padding=\u00bb|||16px|false|false\u00bb]<\/p>\n<ul>\n<li style=\"font-weight: 400;\"><span style=\"font-weight: 400;\">la conservaci\u00f3n de nuestros paisajes<\/span><\/li>\n<li style=\"font-weight: 400;\"><span style=\"font-weight: 400;\">la protecci\u00f3n y recuperaci\u00f3n de los recursos naturales y culturales<\/span><\/li>\n<li style=\"font-weight: 400;\"><span style=\"font-weight: 400;\">la investigaci\u00f3n y divulgaci\u00f3n de los valores de estos territorios<\/span><\/li>\n<li style=\"font-weight: 400;\"><span style=\"font-weight: 400;\">la concienciaci\u00f3n y la participaci\u00f3n social<\/span><\/li>\n<\/ul>\n<p>[\/et_pb_text][et_pb_text _builder_version=\u00bb4.4.6&#8243;]<\/p>\n<p><span style=\"font-weight: 400;\">Colabora con la Fundaci\u00f3 Assut. Y recuerda que podr\u00e1s beneficiarte de una deducci\u00f3n de hasta el 75 por ciento en tus donaciones (ver condiciones abajo del todo).<\/span><\/p>\n<p>[\/et_pb_text][et_pb_code _builder_version=\u00bb4.8.2&#8243; _module_preset=\u00bbdefault\u00bb text_orientation=\u00bbcenter\u00bb link_option_url_new_window=\u00bbon\u00bb]<\/p>\n<form action=\"https:\/\/www.paypal.com\/donate\" method=\"post\" target=\"_top\"><!-- [et_pb_line_break_holder] --><input type=\"hidden\" name=\"hosted_button_id\" value=\"UQTYG6EYXRBCY\" \/><!-- [et_pb_line_break_holder] --><input type=\"image\" src=\"https:\/\/www.paypalobjects.com\/es_ES\/ES\/i\/btn\/btn_donateCC_LG.gif\" border=\"0\" name=\"submit\" title=\"PayPal - The safer, easier way to pay online!\" alt=\"Donate with PayPal button\" \/><!-- [et_pb_line_break_holder] --><img loading=\"lazy\" decoding=\"async\" alt=\"\" border=\"0\" src=\"https:\/\/www.paypal.com\/es_ES\/i\/scr\/pixel.gif\" width=\"1\" height=\"1\" \/><!-- [et_pb_line_break_holder] --><\/form>\n<p>[\/et_pb_code][\/et_pb_column][\/et_pb_row][et_pb_row _builder_version=\u00bb4.8.2&#8243; _module_preset=\u00bbdefault\u00bb][et_pb_column type=\u00bb4_4&#8243; _builder_version=\u00bb4.8.2&#8243; _module_preset=\u00bbdefault\u00bb][et_pb_text _builder_version=\u00bb4.8.2&#8243; _module_preset=\u00bbdefault\u00bb]<\/p>\n<p><span style=\"font-size: 14px;\">Adem\u00e1s, la participaci\u00f3n y financiaci\u00f3n de actividades y programas concretos con la Fundaci\u00f3 Assut pueden llevarse a cabo mediante las siguientes figuras asociativas:<\/span><\/p>\n<p>[\/et_pb_text][\/et_pb_column][\/et_pb_row][et_pb_row column_structure=\u00bb1_3,2_3&#8243; _builder_version=\u00bb3.25&#8243; background_size=\u00bbinitial\u00bb background_position=\u00bbtop_left\u00bb background_repeat=\u00bbrepeat\u00bb][et_pb_column type=\u00bb1_3&#8243; _builder_version=\u00bb3.25&#8243; custom_padding=\u00bb|||\u00bb custom_padding__hover=\u00bb|||\u00bb][et_pb_image src=\u00bbhttps:\/\/fundacioassut.org\/wp-content\/uploads\/2018\/05\/PartidaEstell-400&#215;300.jpg\u00bb align_tablet=\u00bbcenter\u00bb align_phone=\u00bb\u00bb align_last_edited=\u00bbon|desktop\u00bb _builder_version=\u00bb3.23&#8243; custom_margin=\u00bb||5px|\u00bb always_center_on_mobile=\u00bbon\u00bb][\/et_pb_image][\/et_pb_column][et_pb_column type=\u00bb2_3&#8243; _builder_version=\u00bb3.25&#8243; custom_padding=\u00bb|||\u00bb custom_padding__hover=\u00bb|||\u00bb][et_pb_text _builder_version=\u00bb4.8.2&#8243;]<\/p>\n<div class=\"content\"><\/div>\n<h2>Benefactores protectores<\/h2>\n<div class=\"content\">\n<p><span style=\"font-weight: 400;\">Pueden adherirse a la Fundaci\u00f3 Assut con car\u00e1cter de Benefactores protectores aquellas personas f\u00edsicas o jur\u00eddicas las cuales, por especial inter\u00e9s en los objetivos de la Fundaci\u00f3n, realizan donaciones por un importe fijado por el Patronato, mediante la firma de un protocolo, acuerdo o convenio de colaboraci\u00f3n.<\/span><\/p>\n<p><span style=\"font-weight: 400;\">Los Benefactores protectores podr\u00e1n asistir a las reuniones del Patronato, con voz pero sin voto, y tendr\u00e1n derecho a ser informados peri\u00f3dicamente de la marcha de la Fundaci\u00f3n y a formular iniciativas y sugerencias, en orden a una mejor y m\u00e1s efectiva actuaci\u00f3n.<\/span><\/p>\n<\/div>\n<div class=\"content\"><\/div>\n<p><!--:--><\/p>\n<p>[\/et_pb_text][\/et_pb_column][\/et_pb_row][et_pb_row column_structure=\u00bb1_3,2_3&#8243; _builder_version=\u00bb3.25&#8243; background_size=\u00bbinitial\u00bb background_position=\u00bbtop_left\u00bb background_repeat=\u00bbrepeat\u00bb][et_pb_column type=\u00bb1_3&#8243; _builder_version=\u00bb3.25&#8243; custom_padding=\u00bb|||\u00bb custom_padding__hover=\u00bb|||\u00bb][et_pb_image src=\u00bbhttps:\/\/fundacioassut.org\/wp-content\/uploads\/2018\/05\/camino_bosque-400&#215;300.jpg\u00bb align_tablet=\u00bbcenter\u00bb align_phone=\u00bb\u00bb align_last_edited=\u00bbon|desktop\u00bb _builder_version=\u00bb3.23&#8243; custom_margin=\u00bb||5px|\u00bb always_center_on_mobile=\u00bbon\u00bb][\/et_pb_image][\/et_pb_column][et_pb_column type=\u00bb2_3&#8243; _builder_version=\u00bb3.25&#8243; custom_padding=\u00bb|||\u00bb custom_padding__hover=\u00bb|||\u00bb][et_pb_text _builder_version=\u00bb4.8.2&#8243;]<\/p>\n<div class=\"content\"><\/div>\n<h2>Colaboradores<\/h2>\n<div class=\"content\">\n<p><span style=\"font-weight: 400;\">Pueden adherirse a la Fundaci\u00f3n con car\u00e1cter de persona o entidad Colaboradora aquellas personas f\u00edsicas o jur\u00eddicas que, por su especial inter\u00e9s en un proyecto determinado, financian una parte del mismo mediante la donaci\u00f3n de una cantidad o realizan una donaci\u00f3n sin menci\u00f3n de un proyecto concreto, por un importe m\u00e1ximo definido por el Patronato, sin llegar, en su conjunto, al importe establecido para los Benefactores.<\/span><\/p>\n<p><span style=\"font-weight: 400;\">As\u00ed mismo, podr\u00e1n adherirse a la Fundaci\u00f3n aquellas personas f\u00edsicas que, por su especial sensibilidad con los fines fundacionales, se comprometen a ayudar a su sostenimiento mediante una cuota anual fijada por el Patronato.<\/span><\/p>\n<p><span style=\"font-weight: 400;\">Los Colaboradores tendr\u00e1n derecho a ser informados peri\u00f3dicamente de la marcha de la Fundaci\u00f3n y a formular iniciativas y sugerencias, en orden a una mejor y m\u00e1s efectiva actuaci\u00f3n.<\/span><\/p>\n<\/div>\n<p><!--:--><\/p>\n<p>[\/et_pb_text][\/et_pb_column][\/et_pb_row][et_pb_row column_structure=\u00bb1_3,2_3&#8243; _builder_version=\u00bb3.25&#8243; background_size=\u00bbinitial\u00bb background_position=\u00bbtop_left\u00bb background_repeat=\u00bbrepeat\u00bb][et_pb_column type=\u00bb1_3&#8243; _builder_version=\u00bb3.25&#8243; custom_padding=\u00bb|||\u00bb custom_padding__hover=\u00bb|||\u00bb][et_pb_image src=\u00bbhttps:\/\/fundacioassut.org\/wp-content\/uploads\/2018\/05\/estell1-400&#215;300.jpg\u00bb align_tablet=\u00bbcenter\u00bb align_phone=\u00bb\u00bb align_last_edited=\u00bbon|desktop\u00bb _builder_version=\u00bb3.23&#8243; custom_margin=\u00bb||5px|\u00bb always_center_on_mobile=\u00bbon\u00bb][\/et_pb_image][\/et_pb_column][et_pb_column type=\u00bb2_3&#8243; _builder_version=\u00bb3.25&#8243; custom_padding=\u00bb|||\u00bb custom_padding__hover=\u00bb|||\u00bb][et_pb_text _builder_version=\u00bb4.8.2&#8243;]<\/p>\n<div class=\"content\"><\/div>\n<h2>Acuerdos de Custodia<\/h2>\n<div class=\"content\">\n<p><span style=\"font-weight: 400;\">La custodia del territorio es el conjunto de estrategias e instrumentos que pretenden implicar los propietarios y usuarios del territorio en la conservaci\u00f3n y el buen uso de los valores y recursos naturales, culturales y paisaj\u00edsticos. Para conseguirlo, se promueven acuerdos y mecanismos de colaboraci\u00f3n entre propietarios, entidades de custodia y otros agentes p\u00fablicos y privados que dan lugar a una forma de gesti\u00f3n y conservaci\u00f3n del territorio atractiva y muy din\u00e1mica.<\/span><\/p>\n<p><span style=\"font-weight: 400;\">Se trata de una filosof\u00eda de conservaci\u00f3n de la naturaleza, del paisaje y del patrimonio cultural muy adecuado para fincas y terrenos de propiedad privada. El acuerdo al que se llega es siempre voluntario y nace del convencimiento e inter\u00e9s com\u00fan para desarrollar un proyecto participativo donde la comunicaci\u00f3n, la confianza y el inter\u00e9s por objetivos compartidos son la base de su \u00e9xito.<\/span><\/p>\n<p><span style=\"font-weight: 400;\">La custodia del territorio es especialmente \u00fatil como mecanismo de conservaci\u00f3n en aquellos lugares donde el objetivo, m\u00e1s que la preservaci\u00f3n estricta de los valores naturales y culturales, es la gesti\u00f3n sostenible, responsable y eficaz de los recursos existentes a lo largo del tiempo. Se trata de un modelo perfectamente viable en zonas donde los recursos de la tierra se trabajan y explotan, y de los cuales los propietarios o usuarios obtienen un rendimiento.<\/span><\/p>\n<\/div>\n<p><!--:--><\/p>\n<p>[\/et_pb_text][\/et_pb_column][\/et_pb_row][et_pb_row _builder_version=\u00bb4.8.2&#8243; _module_preset=\u00bbdefault\u00bb][et_pb_column type=\u00bb4_4&#8243; _builder_version=\u00bb4.8.2&#8243; _module_preset=\u00bbdefault\u00bb][et_pb_text _builder_version=\u00bb4.8.2&#8243; _module_preset=\u00bbdefault\u00bb]<\/p>\n<p><i><span style=\"font-weight: 400;\">Si tienes inter\u00e9s en estos modos de participaci\u00f3n y financiaci\u00f3n, env\u00eda un correo a info@fundacioassut.org o llama al 609 290 225<\/span><\/i><\/p>\n<p>[\/et_pb_text][\/et_pb_column][\/et_pb_row][et_pb_row _builder_version=\u00bb4.8.2&#8243; background_size=\u00bbinitial\u00bb background_position=\u00bbtop_left\u00bb background_repeat=\u00bbrepeat\u00bb][et_pb_column type=\u00bb4_4&#8243; _builder_version=\u00bb3.25&#8243; custom_padding=\u00bb|||\u00bb custom_padding__hover=\u00bb|||\u00bb][et_pb_text _builder_version=\u00bb4.8.2&#8243;]<\/p>\n<h2>Deducciones fiscales<\/h2>\n<div style=\"font-size: 11px;\"><b>SI ERES PERSONA F\u00cdSICA*<\/b><b><br \/>\n<\/b><span style=\"font-weight: 400;\">Aportaci\u00f3n en 2020 y siguientes<\/span><span style=\"font-weight: 400;\"><br \/>\n<\/span><span style=\"font-weight: 400;\">DEDUCCI\u00d3N (declaraci\u00f3n de 2021 y siguientes)<\/span><span style=\"font-weight: 400;\"><br \/>\n<\/span><b>75%<\/b> <span style=\"font-weight: 400;\">Donaci\u00f3n hasta 150 euros<\/span><span style=\"font-weight: 400;\"><br \/>\n<\/span><b>30%<\/b> <span style=\"font-weight: 400;\">Resto de la donaci\u00f3n a partir de 150 euros<\/span><span style=\"font-weight: 400;\"><br \/>\n<\/span><b>35%***<\/b> <span style=\"font-weight: 400;\">Resto de la donaci\u00f3n a partir de 150 euros si se ha donado a Fundaci\u00f3 Assut al menos 3 a\u00f1os seguidos<\/span><b><br \/>\n<\/b><b><br \/>\n<\/b><b>SI ERES PERSONA JUR\u00cdDICA***<\/b><b><br \/>\n<\/b><span style=\"font-weight: 400;\">Aportaci\u00f3n en 2020 y siguientes<\/span><span style=\"font-weight: 400;\"><br \/>\n<\/span><span style=\"font-weight: 400;\">DEDUCCI\u00d3N (impuesto sobre sociedades de 2021 y siguientes)<\/span><span style=\"font-weight: 400;\"><br \/>\n<\/span><b>35%<\/b> <span style=\"font-weight: 400;\">Si no se ha donado a Fundaci\u00f3 Assut al menos 3 a\u00f1os seguidos****<\/span><span style=\"font-weight: 400;\"><br \/>\n<\/span><b>40%****<\/b> <span style=\"font-weight: 400;\">Si se ha dado a Fundaci\u00f3n Azud al menos 3 a\u00f1os seguidos****<\/span><b><br \/>\n<\/b><b><br \/>\n<\/b><b>* <\/b><span style=\"font-weight: 400;\">Se pueden beneficiar de estas ventajas solamente las personas que hayan hecho la contribuci\u00f3n del IRPF en el ejercicio fiscal y est\u00e9n obligadas a hacer la Declaraci\u00f3n de la Renta, con un l\u00edmite de deducci\u00f3n del 10% de la base liquidable.<\/span><span style=\"font-weight: 400;\"><br \/>\n<\/span><b>***<\/b><span style=\"font-weight: 400;\"> Para beneficiarse del incremento de la deducci\u00f3n indicado, en caso de haber dado m\u00e1s de 150 euros durante 3 a\u00f1os seguidos, el importe de estas donaciones tiene que ser igual o superior, en cada uno de ellos, al del ejercicio anterior.<\/span><span style=\"font-weight: 400;\"><br \/>\n<\/span><b>**** <\/b><span style=\"font-weight: 400;\">En caso de haber dado durante 3 a\u00f1os seguidos, el importe tiene que ser igual o superior, en cada uno de ellos, al del ejercicio anterior para beneficiarse del incremento de la deducci\u00f3n indicado.<\/span><span style=\"font-weight: 400;\"><br \/>\n<\/span><span style=\"font-weight: 400;\">Nota: Esta informaci\u00f3n no es v\u00e1lida para Navarra y el Pa\u00eds Vasco.<\/span><\/div>\n<p>[\/et_pb_text][\/et_pb_column][\/et_pb_row][\/et_pb_section]<\/p>\n","protected":false},"excerpt":{"rendered":"<p>Por el territorio donde vivimos. Por el medio que nos da la vida.Con tu ayuda, colaboras en el estudio, la divulgaci\u00f3n y la conservaci\u00f3n del territorio donde vivimos, el paisaje que compartimos, el medio que nos da vida y nos permite vivir.Desde principios de 2011, en la Fundaci\u00f3 Assut ponemos a disposici\u00f3n de la sociedad [&hellip;]<\/p>\n","protected":false},"author":4,"featured_media":0,"parent":0,"menu_order":0,"comment_status":"closed","ping_status":"closed","template":"","meta":{"_et_pb_use_builder":"on","_et_pb_old_content":"","_et_gb_content_width":"","footnotes":""},"class_list":["post-5082","page","type-page","status-publish","hentry"],"_links":{"self":[{"href":"https:\/\/fundacioassut.org\/index.php?rest_route=\/wp\/v2\/pages\/5082","targetHints":{"allow":["GET"]}}],"collection":[{"href":"https:\/\/fundacioassut.org\/index.php?rest_route=\/wp\/v2\/pages"}],"about":[{"href":"https:\/\/fundacioassut.org\/index.php?rest_route=\/wp\/v2\/types\/page"}],"author":[{"embeddable":true,"href":"https:\/\/fundacioassut.org\/index.php?rest_route=\/wp\/v2\/users\/4"}],"replies":[{"embeddable":true,"href":"https:\/\/fundacioassut.org\/index.php?rest_route=%2Fwp%2Fv2%2Fcomments&post=5082"}],"version-history":[{"count":13,"href":"https:\/\/fundacioassut.org\/index.php?rest_route=\/wp\/v2\/pages\/5082\/revisions"}],"predecessor-version":[{"id":238815,"href":"https:\/\/fundacioassut.org\/index.php?rest_route=\/wp\/v2\/pages\/5082\/revisions\/238815"}],"wp:attachment":[{"href":"https:\/\/fundacioassut.org\/index.php?rest_route=%2Fwp%2Fv2%2Fmedia&parent=5082"}],"curies":[{"name":"wp","href":"https:\/\/api.w.org\/{rel}","templated":true}]}}