{"id":5203,"date":"2020-05-14T22:13:50","date_gmt":"2020-05-14T20:13:50","guid":{"rendered":"https:\/\/fundacioassut.org\/politica-de-privacidad\/"},"modified":"2021-02-01T18:13:00","modified_gmt":"2021-02-01T16:13:00","slug":"cookies","status":"publish","type":"page","link":"https:\/\/fundacioassut.org\/?page_id=5203&lang=cas","title":{"rendered":"Cookies"},"content":{"rendered":"<p>[et_pb_section fb_built=\u00bb1&#8243; _builder_version=\u00bb4.8.2&#8243;][et_pb_row _builder_version=\u00bb4.8.2&#8243; background_size=\u00bbinitial\u00bb background_position=\u00bbtop_left\u00bb background_repeat=\u00bbrepeat\u00bb][et_pb_column type=\u00bb4_4&#8243; _builder_version=\u00bb3.25&#8243; custom_padding=\u00bb|||\u00bb custom_padding__hover=\u00bb|||\u00bb][et_pb_text admin_label=\u00bbTexto (t\u00edtulo p\u00e1gina)\u00bb _builder_version=\u00bb4.8.2&#8243; header_font_size=\u00bb32px\u00bb custom_margin=\u00bb||10px|\u00bb]<\/p>\n<h1>Cookies<\/h1>\n<p>[\/et_pb_text][\/et_pb_column][\/et_pb_row][et_pb_row _builder_version=\u00bb3.25&#8243; background_size=\u00bbinitial\u00bb background_position=\u00bbtop_left\u00bb background_repeat=\u00bbrepeat\u00bb][et_pb_column type=\u00bb4_4&#8243; _builder_version=\u00bb3.25&#8243; custom_padding=\u00bb|||\u00bb custom_padding__hover=\u00bb|||\u00bb][et_pb_text admin_label=\u00bbTexto (t\u00edtulo p\u00e1gina)\u00bb _builder_version=\u00bb4.8.2&#8243; header_font_size=\u00bb32px\u00bb custom_margin=\u00bb||10px|\u00bb border_width_bottom=\u00bb1px\u00bb]<\/p>\n<h2>Definici\u00f3n y funci\u00f3n gen\u00e9rica de las cookies.<\/h2>\n<p>[\/et_pb_text][et_pb_text _builder_version=\u00bb4.8.2&#8243;]<\/p>\n<p><span style=\"font-weight: 400;\">El titular de este sitio web informa que se utilizan cookies y\/o tecnolog\u00edas similares que almacenan y recuperan informaci\u00f3n cuando navegas. En general, estas tecnolog\u00edas pueden servir para finalidades muy diversas, como, por ejemplo, reconocerte como usuario, obtener informaci\u00f3n sobre tus h\u00e1bitos de navegaci\u00f3n, o personalizar la forma en que se muestra el contenido. Los usos concretos que hacemos de estas tecnolog\u00edas se describen a continuaci\u00f3n.<\/span><\/p>\n<p>[\/et_pb_text][\/et_pb_column][\/et_pb_row][et_pb_row _builder_version=\u00bb4.8.2&#8243; background_size=\u00bbinitial\u00bb background_position=\u00bbtop_left\u00bb background_repeat=\u00bbrepeat\u00bb][et_pb_column type=\u00bb4_4&#8243; _builder_version=\u00bb3.25&#8243; custom_padding=\u00bb|||\u00bb custom_padding__hover=\u00bb|||\u00bb][et_pb_text admin_label=\u00bbTexto (t\u00edtulo p\u00e1gina)\u00bb _builder_version=\u00bb4.8.2&#8243; header_font_size=\u00bb32px\u00bb custom_margin=\u00bb||10px|\u00bb border_width_bottom=\u00bb1px\u00bb]<\/p>\n<h2>Informaci\u00f3n sobre el tipo de cookies que se utilizan y su finalidad.<\/h2>\n<p>[\/et_pb_text][et_pb_text _builder_version=\u00bb4.8.2&#8243;]<\/p>\n<ul>\n<li><b>T\u00e9cnicas:<\/b><span style=\"font-weight: 400;\"> Son aquellas necesarias para la navegaci\u00f3n y el buen funcionamiento de nuestro website. Permiten, por ejemplo, controlar el tr\u00e1fico y la comunicaci\u00f3n de datos, acceder a partes de acceso restringido, realizar el proceso de compra de un pedido, utilizar elementos de seguridad, almacenar contenidos para poder difundir v\u00eddeos o compartir contenidos a trav\u00e9s de redes sociales.<\/span><\/li>\n<li><span style=\"font-weight: 400;\"><b>De personalizaci\u00f3n:<\/b> Son aqu\u00e9llas que permiten al Usuario acceder al servicio con unas caracter\u00edsticas predefinidas en funci\u00f3n de una serie de criterios, como por ejemplo el idioma, el tipo de navegador a trav\u00e9s del cual se accede al servicio, la configuraci\u00f3n regional desde donde se accede al servicio, etc.<\/span><\/li>\n<li><span style=\"font-weight: 400;\"><b>De an\u00e1lisis:<\/b> son aquellas que, tratadas por nosotros o por terceros, nos permiten cuantificar el n\u00famero de usuarios y as\u00ed realizar la medici\u00f3n y an\u00e1lisis estad\u00edstico de la utilizaci\u00f3n que hacen los usuarios del servicio ofertado. Para ello se analiza su navegaci\u00f3n en nuestra p\u00e1gina web con el fin de mejorar la oferta de productos o servicios que le ofrecemos.<\/span><\/li>\n<li><span style=\"font-weight: 400;\"><b>Publicitarias:<\/b> Son aqu\u00e9llas que permiten la gesti\u00f3n, de la forma m\u00e1s eficaz posible, de los espacios publicitarios que se pudieran incluir en nuestro website.<\/span><\/li>\n<li><span style=\"font-weight: 400;\"><b>Publicitarias comportamentales<\/b>: son aquellas que, tratadas por nosotros o por terceros, nos permiten analizar sus h\u00e1bitos de navegaci\u00f3n en Internet para que podamos mostrarle publicidad relacionada con su perfil de navegaci\u00f3n.<\/span><\/li>\n<\/ul>\n<p>[\/et_pb_text][\/et_pb_column][\/et_pb_row][et_pb_row column_structure=\u00bb1_4,3_4&#8243; use_custom_gutter=\u00bbon\u00bb gutter_width=\u00bb1&#8243; module_class=\u00bbet-scroll-table-column\u00bb _builder_version=\u00bb4.8.2&#8243; _module_preset=\u00bbdefault\u00bb width=\u00bb100%\u00bb custom_padding=\u00bb0px||0px||false|false\u00bb hover_enabled=\u00bb0&#8243; border_color_right=\u00bb#cccccc\u00bb border_width_left=\u00bb1px\u00bb border_color_left=\u00bb#cccccc\u00bb sticky_enabled=\u00bb0&#8243;][et_pb_column type=\u00bb1_4&#8243; _builder_version=\u00bb4.8.2&#8243; _module_preset=\u00bbdefault\u00bb custom_css_main_element=\u00bbwidth: 100px;\u00bb][et_pb_text _builder_version=\u00bb4.8.2&#8243; _module_preset=\u00bbdefault\u00bb text_text_color=\u00bb#f2f2f2&#8243; background_color=\u00bb#2ea3f2&#8243; text_orientation=\u00bbcenter\u00bb height=\u00bb80px\u00bb hover_enabled=\u00bb0&#8243; custom_css_main_element=\u00bbdisplay:flex;||align-items:center;||justify-content: center;||\u00bb border_width_right=\u00bb1px\u00bb border_color_right=\u00bb#cccccc\u00bb border_width_bottom=\u00bb1px\u00bb border_color_bottom=\u00bb#cccccc\u00bb custom_padding=\u00bb|20px||20px|false|false\u00bb sticky_enabled=\u00bb0&#8243;]<\/p>\n<p>Nombre<\/p>\n<p>[\/et_pb_text][et_pb_text _builder_version=\u00bb4.8.2&#8243; _module_preset=\u00bbdefault\u00bb text_orientation=\u00bbcenter\u00bb height=\u00bb80px\u00bb hover_enabled=\u00bb0&#8243; custom_css_main_element=\u00bbdisplay:flex;||align-items:center;||justify-content: center;\u00bb border_width_right=\u00bb1px\u00bb border_color_right=\u00bb#cccccc\u00bb border_width_bottom=\u00bb1px\u00bb border_color_bottom=\u00bb#cccccc\u00bb custom_padding=\u00bb|20px||20px|false|false\u00bb sticky_enabled=\u00bb0&#8243;]<\/p>\n<p>pll_language<\/p>\n<p>[\/et_pb_text][et_pb_text _builder_version=\u00bb4.8.2&#8243; _module_preset=\u00bbdefault\u00bb text_orientation=\u00bbcenter\u00bb height=\u00bb80px\u00bb hover_enabled=\u00bb0&#8243; custom_css_main_element=\u00bbdisplay:flex;||align-items:center;||justify-content: center;\u00bb border_width_right=\u00bb1px\u00bb border_color_right=\u00bb#cccccc\u00bb border_width_bottom=\u00bb1px\u00bb border_color_bottom=\u00bb#cccccc\u00bb custom_padding=\u00bb|20px||20px|false|false\u00bb sticky_enabled=\u00bb0&#8243;]<\/p>\n<p><span>cookie_notice_accepted<\/span><\/p>\n<p>[\/et_pb_text][\/et_pb_column][et_pb_column type=\u00bb3_4&#8243; _builder_version=\u00bb4.8.2&#8243; _module_preset=\u00bbdefault\u00bb][et_pb_text _builder_version=\u00bb4.8.2&#8243; _module_preset=\u00bbdefault\u00bb text_text_color=\u00bb#f2f2f2&#8243; background_color=\u00bb#2ea3f2&#8243; text_orientation=\u00bbcenter\u00bb width=\u00bb100%\u00bb height=\u00bb80px\u00bb hover_enabled=\u00bb0&#8243; custom_css_main_element=\u00bbdisplay:flex;||align-items:center;||justify-content: center;||\u00bb border_width_right=\u00bb1px\u00bb border_color_right=\u00bb#cccccc\u00bb border_width_bottom=\u00bb1px\u00bb border_color_bottom=\u00bb#cccccc\u00bb custom_padding=\u00bb|20px||20px|false|false\u00bb sticky_enabled=\u00bb0&#8243;]<\/p>\n<p>Descripci\u00f3n<\/p>\n<p>[\/et_pb_text][et_pb_text _builder_version=\u00bb4.8.2&#8243; _module_preset=\u00bbdefault\u00bb height=\u00bb80px\u00bb hover_enabled=\u00bb0&#8243; custom_css_main_element=\u00bbdisplay:flex;||align-items:center;||justify-content: flex-start;\u00bb border_width_right=\u00bb1px\u00bb border_color_right=\u00bb#cccccc\u00bb border_width_bottom=\u00bb1px\u00bb border_color_bottom=\u00bb#cccccc\u00bb sticky_enabled=\u00bb0&#8243; custom_padding=\u00bb|20px||20px|false|false\u00bb]<\/p>\n<p>Utilizada para determinar el idioma selecionado por el usuario<\/p>\n<p>[\/et_pb_text][et_pb_text _builder_version=\u00bb4.8.2&#8243; _module_preset=\u00bbdefault\u00bb height=\u00bb80px\u00bb hover_enabled=\u00bb0&#8243; custom_css_main_element=\u00bbdisplay:flex;||align-items:center;||justify-content: flex-start;\u00bb border_width_right=\u00bb1px\u00bb border_color_right=\u00bb#cccccc\u00bb border_width_bottom=\u00bb1px\u00bb border_color_bottom=\u00bb#cccccc\u00bb sticky_enabled=\u00bb0&#8243; custom_padding=\u00bb|20px||20px|false|false\u00bb]<\/p>\n<p><span>Utilizada para aceptar si se ha aceptado o rechazado el mensaje de aviso sobre cookies para dejar de mostrarlo durante el tiempo en que est\u00e9 activa.<\/span><\/p>\n<p>[\/et_pb_text][\/et_pb_column][\/et_pb_row][et_pb_row _builder_version=\u00bb4.8.2&#8243; background_size=\u00bbinitial\u00bb background_position=\u00bbtop_left\u00bb background_repeat=\u00bbrepeat\u00bb hover_enabled=\u00bb0&#8243; custom_margin=\u00bb40px||||false|false\u00bb sticky_enabled=\u00bb0&#8243;][et_pb_column type=\u00bb4_4&#8243; _builder_version=\u00bb3.25&#8243; custom_padding=\u00bb|||\u00bb custom_padding__hover=\u00bb|||\u00bb][et_pb_text admin_label=\u00bbTexto (t\u00edtulo p\u00e1gina)\u00bb _builder_version=\u00bb4.8.2&#8243; header_font_size=\u00bb32px\u00bb custom_margin=\u00bb||10px|\u00bb border_width_bottom=\u00bb1px\u00bb]<\/p>\n<h2>Identificaci\u00f3n de qui\u00e9n utiliza las cookies<span style=\"font-weight: 400;\">:<\/span><\/h2>\n<p>[\/et_pb_text][et_pb_text _builder_version=\u00bb4.8.2&#8243;]<\/p>\n<p><span style=\"font-weight: 400;\">La informaci\u00f3n obtenida por las cookies es tratada solo por nuestro editor y\/o tambi\u00e9n por terceros con el nuestro editor haya contratado la prestaci\u00f3n de un servicio para el cual se requiera el uso de cookies:<\/span><\/p>\n<p>[\/et_pb_text][et_pb_text _builder_version=\u00bb4.8.2&#8243; custom_padding=\u00bb|||16px|false|false\u00bb]<\/p>\n<ul>\n<li style=\"font-weight: 400;\" aria-level=\"1\"><b>Cookies propias<\/b><span style=\"font-weight: 400;\">: Son aquellas que se env\u00edan a su equipo desde nuestros propios equipos o dominios y desde el que prestamos el servicio que nos solicita.<\/span><\/li>\n<li style=\"font-weight: 400;\" aria-level=\"1\"><b>Cookies de terceros<\/b><span>: Son aquellas que se env\u00edan a su equipo desde un equipo o dominio que no es gestionado por nosotros, sino por otra entidad colaboradora. Como, por ejemplo, las usadas por redes sociales, o por contenido externo como Google Maps, las que permiten cuantificar el n\u00famero de usuarios y as\u00ed realizar la medici\u00f3n y an\u00e1lisis estad\u00edstico de la utilizaci\u00f3n que hacen los usuarios del servicio ofertado. Para ello se analiza su navegaci\u00f3n en nuestra p\u00e1gina web con el fin de mejorar la oferta de productos o servicios que le ofrecemos.<\/span><\/li>\n<\/ul>\n<p>[\/et_pb_text][\/et_pb_column][\/et_pb_row][et_pb_row _builder_version=\u00bb3.25&#8243; background_size=\u00bbinitial\u00bb background_position=\u00bbtop_left\u00bb background_repeat=\u00bbrepeat\u00bb][et_pb_column type=\u00bb4_4&#8243; _builder_version=\u00bb3.25&#8243; custom_padding=\u00bb|||\u00bb custom_padding__hover=\u00bb|||\u00bb][et_pb_text admin_label=\u00bbTexto (t\u00edtulo p\u00e1gina)\u00bb _builder_version=\u00bb4.8.2&#8243; header_font_size=\u00bb32px\u00bb custom_margin=\u00bb||10px|\u00bb border_width_bottom=\u00bb1px\u00bb]<\/p>\n<h2>Permitir o bloquear las cookies<\/h2>\n<p>[\/et_pb_text][et_pb_text _builder_version=\u00bb4.8.2&#8243;]<\/p>\n<p>Puede usted permitir o bloquear las cookies, as\u00ed como borrar sus datos de navegaci\u00f3n (incluidas las cookies) desde<span style=\"font-weight: 400;\"> el navegador que usted utiliza. Consulte las opciones e instrucciones que ofrece su navegador para ello. Tenga en cuenta que, si acepta las cookies de terceros, deber\u00e1 eliminarlas desde las opciones del navegador.<\/span><\/p>\n<p>[\/et_pb_text][\/et_pb_column][\/et_pb_row][et_pb_row _builder_version=\u00bb3.25&#8243; background_size=\u00bbinitial\u00bb background_position=\u00bbtop_left\u00bb background_repeat=\u00bbrepeat\u00bb][et_pb_column type=\u00bb4_4&#8243; _builder_version=\u00bb3.25&#8243; custom_padding=\u00bb|||\u00bb custom_padding__hover=\u00bb|||\u00bb][et_pb_text admin_label=\u00bbTexto (t\u00edtulo p\u00e1gina)\u00bb _builder_version=\u00bb4.8.2&#8243; header_font_size=\u00bb32px\u00bb custom_margin=\u00bb||10px|\u00bb border_width_bottom=\u00bb1px\u00bb]<\/p>\n<h2>Transferencias de datos<\/h2>\n<p>[\/et_pb_text][et_pb_text _builder_version=\u00bb4.8.2&#8243;]<\/p>\n<p>No realizamos transferencias de datos a terceros pa\u00edses realizadas por el editor.<\/p>\n<p>[\/et_pb_text][et_pb_text _builder_version=\u00bb4.8.2&#8243;]<\/p>\n<p><span style=\"font-weight: 400;\">Puedes informarte de las transferencias a terceros pa\u00edses que, en su caso, realizan los terceros identificados en esta pol\u00edtica de cookies en sus correspondientes pol\u00edticas (ver los enlaces facilitados en el apartado \u201cCookies de terceros\u201d).<\/span><\/p>\n<p>[\/et_pb_text][\/et_pb_column][\/et_pb_row][et_pb_row _builder_version=\u00bb3.25&#8243; background_size=\u00bbinitial\u00bb background_position=\u00bbtop_left\u00bb background_repeat=\u00bbrepeat\u00bb][et_pb_column type=\u00bb4_4&#8243; _builder_version=\u00bb3.25&#8243; custom_padding=\u00bb|||\u00bb custom_padding__hover=\u00bb|||\u00bb][et_pb_text admin_label=\u00bbTexto (t\u00edtulo p\u00e1gina)\u00bb _builder_version=\u00bb4.8.2&#8243; header_font_size=\u00bb32px\u00bb custom_margin=\u00bb||10px|\u00bb border_width_bottom=\u00bb1px\u00bb]<\/p>\n<h2>Elaboraci\u00f3n de perfiles<\/h2>\n<p>[\/et_pb_text][et_pb_text _builder_version=\u00bb4.8.2&#8243;]<\/p>\n<p>La elaboraci\u00f3n de perfiles que realizamos implica la toma de decisiones automatizadas con efectos jur\u00eddicos para el usuario o que le afectan significativamente de modo similar.<\/p>\n<p>[\/et_pb_text][\/et_pb_column][\/et_pb_row][et_pb_row _builder_version=\u00bb3.25&#8243; background_size=\u00bbinitial\u00bb background_position=\u00bbtop_left\u00bb background_repeat=\u00bbrepeat\u00bb][et_pb_column type=\u00bb4_4&#8243; _builder_version=\u00bb3.25&#8243; custom_padding=\u00bb|||\u00bb custom_padding__hover=\u00bb|||\u00bb][et_pb_text admin_label=\u00bbTexto (t\u00edtulo p\u00e1gina)\u00bb _builder_version=\u00bb4.8.2&#8243; header_font_size=\u00bb32px\u00bb custom_margin=\u00bb||10px|\u00bb border_width_bottom=\u00bb1px\u00bb]<\/p>\n<h2>Periodo de conservaci\u00f3n<\/h2>\n<p>[\/et_pb_text][et_pb_text _builder_version=\u00bb4.8.2&#8243;]<\/p>\n<p>Periodo de conservaci\u00f3n <span style=\"font-weight: 400;\">de los datos para los diferentes fines en los t\u00e9rminos establecidos en el art\u00edculo 13.2 a) del RGPD:<\/span><\/p>\n<p>[\/et_pb_text][et_pb_text _builder_version=\u00bb4.8.2&#8243;]<\/p>\n<ul>\n<li style=\"font-weight: 400;\" aria-level=\"1\"><b>Cookies de sesi\u00f3n<\/b><span style=\"font-weight: 400;\">: Son cookies temporales que permanecen en el archivo de cookies de su navegador hasta que el Usuario abandona la p\u00e1gina web, por lo que ninguna queda registrada en el disco duro de su ordenador. La informaci\u00f3n obtenida por medio de estas cookies, sirven para analizar pautas de tr\u00e1fico en el website. A la larga, esto nos permite proporcionar una mejor experiencia para mejorar el contenido y facilitar su uso.<\/span><\/li>\n<li style=\"font-weight: 400;\" aria-level=\"1\"><b>Cookies persistentes<\/b><span>: son almacenadas en el disco duro y nuestra web las lee cada vez que el Usuario realiza una nueva visita. Una cookie permanente posee una fecha de expiraci\u00f3n determinada. La cookie dejar\u00e1 de funcionar despu\u00e9s de esa fecha. Estas cookies las utilizamos, generalmente, para facilitar los servicios de compra y registro.<\/span><\/li>\n<\/ul>\n<p>[\/et_pb_text][\/et_pb_column][\/et_pb_row][et_pb_row _builder_version=\u00bb3.25&#8243; background_size=\u00bbinitial\u00bb background_position=\u00bbtop_left\u00bb background_repeat=\u00bbrepeat\u00bb][et_pb_column type=\u00bb4_4&#8243; _builder_version=\u00bb3.25&#8243; custom_padding=\u00bb|||\u00bb custom_padding__hover=\u00bb|||\u00bb][et_pb_text admin_label=\u00bbTexto (t\u00edtulo p\u00e1gina)\u00bb _builder_version=\u00bb4.8.2&#8243; header_font_size=\u00bb32px\u00bb custom_margin=\u00bb||10px|\u00bb border_width_bottom=\u00bb1px\u00bb]<\/p>\n<h2>Pol\u00edtica de privacidad<\/h2>\n<p>[\/et_pb_text][et_pb_text _builder_version=\u00bb4.8.2&#8243;]<\/p>\n<p>En relaci\u00f3n con el resto de informaci\u00f3n exigida por el art\u00edculo 13 RGPD puedes verla <a href=\"\/politica-privacidad\">aqu\u00ed<\/a><span style=\"font-weight: 400;\">.<\/span><\/p>\n<p>[\/et_pb_text][\/et_pb_column][\/et_pb_row][\/et_pb_section]<\/p>\n","protected":false},"excerpt":{"rendered":"<p>CookiesDefinici\u00f3n y funci\u00f3n gen\u00e9rica de las cookies.El titular de este sitio web informa que se utilizan cookies y\/o tecnolog\u00edas similares que almacenan y recuperan informaci\u00f3n cuando navegas. En general, estas tecnolog\u00edas pueden servir para finalidades muy diversas, como, por ejemplo, reconocerte como usuario, obtener informaci\u00f3n sobre tus h\u00e1bitos de navegaci\u00f3n, o personalizar la forma en [&hellip;]<\/p>\n","protected":false},"author":4,"featured_media":0,"parent":0,"menu_order":0,"comment_status":"closed","ping_status":"closed","template":"","meta":{"_et_pb_use_builder":"on","_et_pb_old_content":"","_et_gb_content_width":"","footnotes":""},"class_list":["post-5203","page","type-page","status-publish","hentry"],"_links":{"self":[{"href":"https:\/\/fundacioassut.org\/index.php?rest_route=\/wp\/v2\/pages\/5203","targetHints":{"allow":["GET"]}}],"collection":[{"href":"https:\/\/fundacioassut.org\/index.php?rest_route=\/wp\/v2\/pages"}],"about":[{"href":"https:\/\/fundacioassut.org\/index.php?rest_route=\/wp\/v2\/types\/page"}],"author":[{"embeddable":true,"href":"https:\/\/fundacioassut.org\/index.php?rest_route=\/wp\/v2\/users\/4"}],"replies":[{"embeddable":true,"href":"https:\/\/fundacioassut.org\/index.php?rest_route=%2Fwp%2Fv2%2Fcomments&post=5203"}],"version-history":[{"count":8,"href":"https:\/\/fundacioassut.org\/index.php?rest_route=\/wp\/v2\/pages\/5203\/revisions"}],"predecessor-version":[{"id":238785,"href":"https:\/\/fundacioassut.org\/index.php?rest_route=\/wp\/v2\/pages\/5203\/revisions\/238785"}],"wp:attachment":[{"href":"https:\/\/fundacioassut.org\/index.php?rest_route=%2Fwp%2Fv2%2Fmedia&parent=5203"}],"curies":[{"name":"wp","href":"https:\/\/api.w.org\/{rel}","templated":true}]}}